{"id":2,"date":"2010-04-07T14:59:31","date_gmt":"2010-04-07T14:59:31","guid":{"rendered":"http:\/\/www.bootcharter.de\/blogbuch\/?page_id=2"},"modified":"2020-07-26T12:41:44","modified_gmt":"2020-07-26T10:41:44","slug":"eine-seite","status":"publish","type":"page","link":"http:\/\/www.bootcharter.de\/blogbuch\/?page_id=2","title":{"rendered":"Von wem, f\u00fcr wen?"},"content":{"rendered":"<p>&#8222;<a href=\"http:\/\/www.anna-blume-charter.de\">Anna Blume Bootcharter<\/a>&#8220; hat von 2002 bis 2020 feine holl\u00e4ndische Motoryachten auf den Gew\u00e4ssern von Berlin und Brandenburg vermietet. Mit der Zeit hatte unser Unternehmen viele Stammg\u00e4ste gewonnen, die jedes Jahr bei uns buchten oder nach vielen Jahren (nachdem sie andere Vercharterer ausprobiert haben) wiederkamen. Unser Lotsenboot, die Namensgeberin &#8222;Anna Blume&#8220; hatte einen Wiederbucheranteil von rund 60%. Auf diese Weise war nach und nach eine kleine Community entstanden von Leuten, die holl\u00e4ndische Yachten und Sloepen m\u00f6gen und die eine Schw\u00e4che f\u00fcr die Gew\u00e4sser unserer Region haben. F\u00fcr all die war dieses Forum gedacht.<\/p>\n<p>Am 31.03.2020 hat Anna Blume Bootcharter <a href=\"http:\/\/www.bootcharter.de\/blogbuch\/?p=3638\">den Betrieb eingestellt<\/a>. Das Blog bleibt jedoch erhalten. Ich werde hier in loser Folge Beitr\u00e4ge rund um den Wassersport in Berlin und Brandenburg und zu verwandten Themen posten.<\/p>\n<p>Wer zum ersten Mal hier kommentiert, muss einen Moment warten, bis sein Kommentar f\u00fcr alle sichtbar wird &#8211; er wird manuell frei geschaltet. Wer (mit gleicher Mailadresse und gleichem Namen) schon mal was geschrieben hat, dessen Kommentar erscheint sofort.<\/p>\n<p>Hansj\u00f6rg Leser<\/p>\n","protected":false},"excerpt":{"rendered":"<p>&#8222;Anna Blume Bootcharter&#8220; hat von 2002 bis 2020 feine holl\u00e4ndische Motoryachten auf den Gew\u00e4ssern von Berlin und Brandenburg vermietet. Mit der Zeit hatte unser Unternehmen viele Stammg\u00e4ste gewonnen, die jedes Jahr bei uns buchten oder nach vielen Jahren (nachdem sie andere Vercharterer ausprobiert haben) wiederkamen. Unser Lotsenboot, die Namensgeberin &#8222;Anna Blume&#8220; hatte einen Wiederbucheranteil von [&hellip;]<\/p>\n","protected":false},"author":1,"featured_media":0,"parent":0,"menu_order":0,"comment_status":"closed","ping_status":"closed","template":"","meta":[],"_links":{"self":[{"href":"http:\/\/www.bootcharter.de\/blogbuch\/index.php?rest_route=\/wp\/v2\/pages\/2"}],"collection":[{"href":"http:\/\/www.bootcharter.de\/blogbuch\/index.php?rest_route=\/wp\/v2\/pages"}],"about":[{"href":"http:\/\/www.bootcharter.de\/blogbuch\/index.php?rest_route=\/wp\/v2\/types\/page"}],"author":[{"embeddable":true,"href":"http:\/\/www.bootcharter.de\/blogbuch\/index.php?rest_route=\/wp\/v2\/users\/1"}],"replies":[{"embeddable":true,"href":"http:\/\/www.bootcharter.de\/blogbuch\/index.php?rest_route=%2Fwp%2Fv2%2Fcomments&post=2"}],"version-history":[{"count":22,"href":"http:\/\/www.bootcharter.de\/blogbuch\/index.php?rest_route=\/wp\/v2\/pages\/2\/revisions"}],"predecessor-version":[{"id":3653,"href":"http:\/\/www.bootcharter.de\/blogbuch\/index.php?rest_route=\/wp\/v2\/pages\/2\/revisions\/3653"}],"wp:attachment":[{"href":"http:\/\/www.bootcharter.de\/blogbuch\/index.php?rest_route=%2Fwp%2Fv2%2Fmedia&parent=2"}],"curies":[{"name":"wp","href":"https:\/\/api.w.org\/{rel}","templated":true}]}}